{"id":4622,"date":"2019-11-20T12:38:19","date_gmt":"2019-11-20T11:38:19","guid":{"rendered":"https:\/\/pro-move.online\/?page_id=4622"},"modified":"2019-11-20T12:38:19","modified_gmt":"2019-11-20T11:38:19","slug":"datenschutz","status":"publish","type":"page","link":"https:\/\/pro-move.online\/?page_id=4622","title":{"rendered":"Datenschutz"},"content":{"rendered":"<p>Der Schutz Ihrer Privatsph\u00e4re bei der Verarbeitung personenbezogener Daten ist f\u00fcr uns sehr wichtig. Wir verarbeiten personenbezogene Daten, die beim Besuch unserer Webseiten erhoben werden, gem\u00e4\u00df den gesetzlichen Bestimmungen. Unsere Webseiten k\u00f6nnen Links zu Webseiten anderer Anbieter\/-innen und eingebundene Dienste enthalten, auf die sich diese Datenschutzerkl\u00e4rung nicht erstreckt.<\/p>\n<p>&nbsp;<\/p>\n<p><strong>Verarbeitung personenbezogener Daten<\/strong><br \/>\nDie Webseite kann frei von jeder personenbezogenen Protokollierung genutzt werden. Bei jedem Besuch einer Webseite werden aber Daten erhoben und ausgetauscht. Die GEB speichert Daten, die Ihr Browser an unseren Server \u00fcbermittelt. Dies sind:<\/p>\n<p>\u2022 Typ und Version Ihres Internet-Browsers,<br \/>\n\u2022 verwendetes Betriebssystem,<br \/>\n\u2022 die aufgerufene Seite,<br \/>\n\u2022 die zuvor besuchte Seite (Referrer URL),<br \/>\n\u2022 Uhrzeit der Serveranfrage.<\/p>\n<p>Die GEB wertet diese Daten allein f\u00fcr statistische Zwecke (Webstatistik) aus, um ihr Webangebot zu verbessern. Daten f\u00fcr die Webstatistik werden anonym (mit gek\u00fcrzter IP-Adresse) erhoben und k\u00f6nnen nicht einer bestimmten Person zugeordnet werden. Eine Zusammenf\u00fchrung dieser Daten mit anderen Datenquellen wird nicht vorgenommen.<br \/>\nCookies werden von uns verwendet, um die Anzeige von Inhalten zu optimieren.<\/p>\n<p>Personenbezogene Daten werden nur dann gespeichert, wenn Sie diese selbst, zum Beispiel im Zuge der Anmeldung zu einer Veranstaltung, der Bestellung von Informationsmaterial oder der Teilnahme an Umfragen, angeben. Die \u00dcbertragung personengebundener Daten wird durch ein dem Stand der Technik entsprechendes Verfahren verschl\u00fcsselt (Secure Sockets Layer \u2013 SSL).<\/p>\n<p><strong>Wahlm\u00f6glichkeit<\/strong><br \/>\nFalls Sie mit der \u00dcberlassung von personenbezogenen Daten nicht mehr einverstanden sei sollten, k\u00f6nnen Sie uns dies jederzeit mitteilen, damit wir Ihre Daten entsprechend sperren k\u00f6nnen.<\/p>\n<p><strong>Auskunftsrecht<\/strong><br \/>\nSie haben jederzeit das Recht auf Auskunft \u00fcber die bez\u00fcglich Ihrer Person gespeicherten Daten, deren Herkunft sowie den Zweck der Speicherung. Auf Anforderung teilen wir Ihnen schriftlich entsprechend geltenden Recht mit, ob und welche personenbezogenen Daten \u00fcber Sie bei uns gespeichert sind. Sollten trotz unserer Bem\u00fchungen falsche Informationen gespeichert sein, werden wir diese auf Ihre Aufforderung hin berichtigen.<\/p>\n<p><strong>Nutzung und Weitergabe personenbezogener Daten und Zweckbindung<\/strong><br \/>\nWir nutzen Ihre personenbezogenen Daten nur zu den bei der Abfrage genannten Zwecken. Ihre Daten werden ohne Ihr ausdr\u00fcckliches Einverst\u00e4ndnis nicht an Dritte weitergegeben.<\/p>\n<p><strong>Sicherheit<\/strong><br \/>\nWir setzen technische und organisatorische Sicherheitsma\u00dfnahmen ein, um Ihre Daten gegen zuf\u00e4llige oder vors\u00e4tzliche Manipulationen, Verlust, Zerst\u00f6rung oder gegen den Zugriff unberechtigter Personen zu sch\u00fctzen. Unsere Sicherheitsma\u00dfnahmen werden entsprechend der technologischen Entwicklung fortlaufend verbessert.<\/p>\n","protected":false},"excerpt":{"rendered":"<p>Der Schutz Ihrer Privatsph\u00e4re bei der Verarbeitung personenbezogener Daten ist f\u00fcr uns sehr wichtig. Wir verarbeiten personenbezogene Daten, die beim Besuch unserer Webseiten erhoben werden, gem\u00e4\u00df den gesetzlichen Bestimmungen. Unsere Webseiten k\u00f6nnen Links zu Webseiten anderer Anbieter\/-innen und eingebundene Dienste enthalten, auf die sich diese Datenschutzerkl\u00e4rung nicht erstreckt. &nbsp; Verarbeitung personenbezogener Daten Die Webseite kann frei von jeder personenbezogenen Protokollierung<\/p>\n<p><a class=\"more-link\" href=\"https:\/\/pro-move.online\/?page_id=4622\">Weiterlesen<\/a><\/p>\n","protected":false},"author":3,"featured_media":0,"parent":0,"menu_order":0,"comment_status":"closed","ping_status":"closed","template":"","meta":[],"yoast_head":"<!-- This site is optimized with the Yoast SEO plugin v14.8 - https:\/\/yoast.com\/wordpress\/plugins\/seo\/ -->\n<title>Datenschutz | Pro Move<\/title>\n<meta name=\"robots\" content=\"index, follow\" \/>\n<meta name=\"googlebot\" content=\"index, follow, max-snippet:-1, max-image-preview:large, max-video-preview:-1\" \/>\n<meta name=\"bingbot\" content=\"index, follow, max-snippet:-1, max-image-preview:large, max-video-preview:-1\" \/>\n<link rel=\"canonical\" href=\"https:\/\/pro-move.online\/?page_id=4622\" \/>\n<meta property=\"og:locale\" content=\"de_DE\" \/>\n<meta property=\"og:type\" content=\"article\" \/>\n<meta property=\"og:title\" content=\"Datenschutz | Pro Move\" \/>\n<meta property=\"og:description\" content=\"Der Schutz Ihrer Privatsph\u00e4re bei der Verarbeitung personenbezogener Daten ist f\u00fcr uns sehr wichtig. Wir verarbeiten personenbezogene Daten, die beim Besuch unserer Webseiten erhoben werden, gem\u00e4\u00df den gesetzlichen Bestimmungen. Unsere Webseiten k\u00f6nnen Links zu Webseiten anderer Anbieter\/-innen und eingebundene Dienste enthalten, auf die sich diese Datenschutzerkl\u00e4rung nicht erstreckt. &nbsp; Verarbeitung personenbezogener Daten Die Webseite kann frei von jeder personenbezogenen ProtokollierungWeiterlesen\" \/>\n<meta property=\"og:url\" content=\"https:\/\/pro-move.online\/?page_id=4622\" \/>\n<meta property=\"og:site_name\" content=\"Pro Move\" \/>\n<meta name=\"twitter:card\" content=\"summary\" \/>\n<script type=\"application\/ld+json\" class=\"yoast-schema-graph\">{\"@context\":\"https:\/\/schema.org\",\"@graph\":[{\"@type\":\"WebSite\",\"@id\":\"https:\/\/pro-move.online\/#website\",\"url\":\"https:\/\/pro-move.online\/\",\"name\":\"Pro Move\",\"description\":\"Promotion of Long Term Mobility in VET\",\"potentialAction\":[{\"@type\":\"SearchAction\",\"target\":\"https:\/\/pro-move.online\/?s={search_term_string}\",\"query-input\":\"required name=search_term_string\"}],\"inLanguage\":\"de\"},{\"@type\":\"WebPage\",\"@id\":\"https:\/\/pro-move.online\/?page_id=4622#webpage\",\"url\":\"https:\/\/pro-move.online\/?page_id=4622\",\"name\":\"Datenschutz | Pro Move\",\"isPartOf\":{\"@id\":\"https:\/\/pro-move.online\/#website\"},\"datePublished\":\"2019-11-20T11:38:19+00:00\",\"dateModified\":\"2019-11-20T11:38:19+00:00\",\"inLanguage\":\"de\",\"potentialAction\":[{\"@type\":\"ReadAction\",\"target\":[\"https:\/\/pro-move.online\/?page_id=4622\"]}]}]}<\/script>\n<!-- \/ Yoast SEO plugin. -->","_links":{"self":[{"href":"https:\/\/pro-move.online\/index.php?rest_route=\/wp\/v2\/pages\/4622"}],"collection":[{"href":"https:\/\/pro-move.online\/index.php?rest_route=\/wp\/v2\/pages"}],"about":[{"href":"https:\/\/pro-move.online\/index.php?rest_route=\/wp\/v2\/types\/page"}],"author":[{"embeddable":true,"href":"https:\/\/pro-move.online\/index.php?rest_route=\/wp\/v2\/users\/3"}],"replies":[{"embeddable":true,"href":"https:\/\/pro-move.online\/index.php?rest_route=%2Fwp%2Fv2%2Fcomments&post=4622"}],"version-history":[{"count":1,"href":"https:\/\/pro-move.online\/index.php?rest_route=\/wp\/v2\/pages\/4622\/revisions"}],"predecessor-version":[{"id":4623,"href":"https:\/\/pro-move.online\/index.php?rest_route=\/wp\/v2\/pages\/4622\/revisions\/4623"}],"wp:attachment":[{"href":"https:\/\/pro-move.online\/index.php?rest_route=%2Fwp%2Fv2%2Fmedia&parent=4622"}],"curies":[{"name":"wp","href":"https:\/\/api.w.org\/{rel}","templated":true}]}}