{"id":3571,"date":"2018-01-23T10:48:38","date_gmt":"2018-01-23T09:48:38","guid":{"rendered":"https:\/\/pro-move.online?page_id=3571"},"modified":"2018-01-23T10:53:28","modified_gmt":"2018-01-23T09:53:28","slug":"impressum","status":"publish","type":"page","link":"https:\/\/pro-move.online\/?page_id=3571","title":{"rendered":"Impressum"},"content":{"rendered":"<h1><strong><img loading=\"lazy\" class=\"alignnone wp-image-3479\" src=\"https:\/\/pro-move.online\/wp-content\/uploads\/2018\/01\/logo_geb-300x155.png\" alt=\"\" width=\"222\" height=\"115\" srcset=\"https:\/\/pro-move.online\/wp-content\/uploads\/2018\/01\/logo_geb-300x155.png 300w, https:\/\/pro-move.online\/wp-content\/uploads\/2018\/01\/logo_geb-148x77.png 148w, https:\/\/pro-move.online\/wp-content\/uploads\/2018\/01\/logo_geb-31x16.png 31w, https:\/\/pro-move.online\/wp-content\/uploads\/2018\/01\/logo_geb-38x20.png 38w, https:\/\/pro-move.online\/wp-content\/uploads\/2018\/01\/logo_geb.png 406w\" sizes=\"(max-width: 222px) 100vw, 222px\" \/><\/strong><\/h1>\n<p><strong>Gesellschaft f\u00fcr Europabildung e.V.<\/strong><\/p>\n<p>Amtsgericht Berlin-Charlottenburg, Vereinsregister VR 24843 B<\/p>\n<p>Vereinssitz:<br \/>\nPetersburger Stra\u00dfe 94<br \/>\nD \u2013 10247 Berlin<\/p>\n<p>Tel: +49 (0)30 417 233 0-0<br \/>\nFax: +49 (0)30 417 233 0-29<br \/>\nE-Mail:\u00a0info@europabildung.org<\/p>\n<p>Vorsitzende: Frau Iwona von Polentz<br \/>\nVorsitzende: Frau Neide Pedro<br \/>\nVorsitzender (Kassenaufsicht): Herr Gunther Ring<\/p>\n<p>Urheberrecht:<br \/>\nAlle Inhalte (Texte, Bilder, Grafiken) auf der Website des Gesellschaft f\u00fcr Europabildung e.V. unterliegen dem Schutz des Urheberrechts. Der Rechtsschutz gilt auch gegen\u00fcber Datenbanken und \u00e4hnlichen Einrichtungen. Die Inhalte sind nur f\u00fcr den bestimmungsgem\u00e4\u00dfen Abruf im Internet frei nutzbar und d\u00fcrfen au\u00dferhalb der Grenzen des Urheberrechts nicht ohne schriftliche Genehmigung de Gesellschaft f\u00fcr Europabildung e.V. in irgendeiner Form vervielf\u00e4ltigt, verbreitet, ver\u00e4ndert oder Dritten zug\u00e4nglich gemacht werden.<\/p>\n<p>Gew\u00e4hrleistung:<br \/>\nAlle Angaben dieses Internetangebotes wurden sorgf\u00e4ltig gepr\u00fcft. Eine Garantie f\u00fcr Vollst\u00e4ndigkeit, Richtigkeit und letzte Aktualit\u00e4t kann jedoch nicht \u00fcbernommen werden. Der Gesellschaft f\u00fcr Europabildung e.V stellt diese Informationen ohne jegliche Zusicherung oder Gew\u00e4hrleistung zur Verf\u00fcgung. Der Gesellschaft f\u00fcr Europabildung e.V. schlie\u00dft jegliche Haftung f\u00fcr Sch\u00e4den, die direkt oder indirekt aus der Benutzung dieser Website entstehen aus.<\/p>\n<p>Links zu anderen Webseiten:<br \/>\nDie Website des Gesellschaft f\u00fcr Europabildung e.V. enth\u00e4lt Links zu anderen Websites. F\u00fcr den Inhalt dieser anderen Websites ist der Gesellschaft f\u00fcr Europabildung e.V. nicht verantwortlich.<\/p>\n<p>Konzeption und Redaktion:<br \/>\nGesellschaft f\u00fcr Europabildung e.V.<\/p>\n","protected":false},"excerpt":{"rendered":"<p>Gesellschaft f\u00fcr Europabildung e.V. Amtsgericht Berlin-Charlottenburg, Vereinsregister VR 24843 B Vereinssitz: Petersburger Stra\u00dfe 94 D \u2013 10247 Berlin Tel: +49 (0)30 417 233 0-0 Fax: +49 (0)30 417 233 0-29 E-Mail:\u00a0info@europabildung.org Vorsitzende: Frau Iwona von Polentz Vorsitzende: Frau Neide Pedro Vorsitzender (Kassenaufsicht): Herr Gunther Ring Urheberrecht: Alle Inhalte (Texte, Bilder, Grafiken) auf der Website des Gesellschaft f\u00fcr Europabildung e.V. unterliegen<\/p>\n<p><a class=\"more-link\" href=\"https:\/\/pro-move.online\/?page_id=3571\">Weiterlesen<\/a><\/p>\n","protected":false},"author":2,"featured_media":0,"parent":0,"menu_order":0,"comment_status":"closed","ping_status":"closed","template":"","meta":[],"yoast_head":"<!-- This site is optimized with the Yoast SEO plugin v14.8 - https:\/\/yoast.com\/wordpress\/plugins\/seo\/ -->\n<title>Impressum | Pro Move<\/title>\n<meta name=\"robots\" content=\"index, follow\" \/>\n<meta name=\"googlebot\" content=\"index, follow, max-snippet:-1, max-image-preview:large, max-video-preview:-1\" \/>\n<meta name=\"bingbot\" content=\"index, follow, max-snippet:-1, max-image-preview:large, max-video-preview:-1\" \/>\n<link rel=\"canonical\" href=\"https:\/\/pro-move.online\/?page_id=3571\" \/>\n<meta property=\"og:locale\" content=\"de_DE\" \/>\n<meta property=\"og:type\" content=\"article\" \/>\n<meta property=\"og:title\" content=\"Impressum | Pro Move\" \/>\n<meta property=\"og:description\" content=\"Gesellschaft f\u00fcr Europabildung e.V. Amtsgericht Berlin-Charlottenburg, Vereinsregister VR 24843 B Vereinssitz: Petersburger Stra\u00dfe 94 D \u2013 10247 Berlin Tel: +49 (0)30 417 233 0-0 Fax: +49 (0)30 417 233 0-29 E-Mail:\u00a0info@europabildung.org Vorsitzende: Frau Iwona von Polentz Vorsitzende: Frau Neide Pedro Vorsitzender (Kassenaufsicht): Herr Gunther Ring Urheberrecht: Alle Inhalte (Texte, Bilder, Grafiken) auf der Website des Gesellschaft f\u00fcr Europabildung e.V. unterliegenWeiterlesen\" \/>\n<meta property=\"og:url\" content=\"https:\/\/pro-move.online\/?page_id=3571\" \/>\n<meta property=\"og:site_name\" content=\"Pro Move\" \/>\n<meta property=\"article:modified_time\" content=\"2018-01-23T09:53:28+00:00\" \/>\n<meta property=\"og:image\" content=\"https:\/\/pro-move.online\/wp-content\/uploads\/2018\/01\/logo_geb-300x155.png\" \/>\n<meta name=\"twitter:card\" content=\"summary\" \/>\n<script type=\"application\/ld+json\" class=\"yoast-schema-graph\">{\"@context\":\"https:\/\/schema.org\",\"@graph\":[{\"@type\":\"WebSite\",\"@id\":\"https:\/\/pro-move.online\/#website\",\"url\":\"https:\/\/pro-move.online\/\",\"name\":\"Pro Move\",\"description\":\"Promotion of Long Term Mobility in VET\",\"potentialAction\":[{\"@type\":\"SearchAction\",\"target\":\"https:\/\/pro-move.online\/?s={search_term_string}\",\"query-input\":\"required name=search_term_string\"}],\"inLanguage\":\"de\"},{\"@type\":\"ImageObject\",\"@id\":\"https:\/\/pro-move.online\/?page_id=3571#primaryimage\",\"inLanguage\":\"de\",\"url\":\"https:\/\/pro-move.online\/wp-content\/uploads\/2018\/01\/logo_geb.png\",\"width\":406,\"height\":210},{\"@type\":\"WebPage\",\"@id\":\"https:\/\/pro-move.online\/?page_id=3571#webpage\",\"url\":\"https:\/\/pro-move.online\/?page_id=3571\",\"name\":\"Impressum | Pro Move\",\"isPartOf\":{\"@id\":\"https:\/\/pro-move.online\/#website\"},\"primaryImageOfPage\":{\"@id\":\"https:\/\/pro-move.online\/?page_id=3571#primaryimage\"},\"datePublished\":\"2018-01-23T09:48:38+00:00\",\"dateModified\":\"2018-01-23T09:53:28+00:00\",\"inLanguage\":\"de\",\"potentialAction\":[{\"@type\":\"ReadAction\",\"target\":[\"https:\/\/pro-move.online\/?page_id=3571\"]}]}]}<\/script>\n<!-- \/ Yoast SEO plugin. -->","_links":{"self":[{"href":"https:\/\/pro-move.online\/index.php?rest_route=\/wp\/v2\/pages\/3571"}],"collection":[{"href":"https:\/\/pro-move.online\/index.php?rest_route=\/wp\/v2\/pages"}],"about":[{"href":"https:\/\/pro-move.online\/index.php?rest_route=\/wp\/v2\/types\/page"}],"author":[{"embeddable":true,"href":"https:\/\/pro-move.online\/index.php?rest_route=\/wp\/v2\/users\/2"}],"replies":[{"embeddable":true,"href":"https:\/\/pro-move.online\/index.php?rest_route=%2Fwp%2Fv2%2Fcomments&post=3571"}],"version-history":[{"count":0,"href":"https:\/\/pro-move.online\/index.php?rest_route=\/wp\/v2\/pages\/3571\/revisions"}],"wp:attachment":[{"href":"https:\/\/pro-move.online\/index.php?rest_route=%2Fwp%2Fv2%2Fmedia&parent=3571"}],"curies":[{"name":"wp","href":"https:\/\/api.w.org\/{rel}","templated":true}]}}