{"id":2499,"date":"2017-10-07T13:58:41","date_gmt":"2017-10-07T11:58:41","guid":{"rendered":"https:\/\/pro-move.online\/?page_id=2499"},"modified":"2019-11-20T13:08:14","modified_gmt":"2019-11-20T12:08:14","slug":"home-page","status":"publish","type":"page","link":"https:\/\/pro-move.online\/","title":{"rendered":"HOME"},"content":{"rendered":"<p>[vc_row][vc_column][rev_slider_vc alias=&#8220;home-geb-mit-titel&#8220;][\/vc_column][\/vc_row][vc_row][vc_column][vc_column_text css_animation=&#8220;fadeIn&#8220;]<span style=\"font-size: 1rem;\"><b>ProMove &#8211; promotion of long term mobility in <em>VET\u00a0<\/em><\/b><\/span><\/p>\n<p>The ProMove Project results of a <strong><em>Call for proposals<\/em> <\/strong>requested by the European Parliament to the Commission in 2015. It shall set out to test the viability of setting up \u201c<em>A European framework for mobility of apprentices: Developing European citizenship and skills through youth integration in the labour market\u201d<\/em> and builds upon a first Pilot Project of similar nature launched in 2016.<\/p>\n<p>In order to reduce youth unemployment, many Member States of the European Union had been asked by the European Commission to reform their labour market. With the promotion of work based learning and the necessary for young people to gain professional experiences, they have the common ambition to implement new laws and regulations to redefine the purpose and performance of Vocational Education Training schools.<\/p>\n<p>The aim of the promotion of apprenticeships and work-based learning would be to help young people to improve their skills and employability prospects. But especially long-term transnational apprentice mobilities whose provide the highest improvement of professional, personal and social skills. Longer the apprenticeship is more relevant young people are for the labour market and the companies. And because VET is the most durable way for the Member States to reform their labour markets and to reduce youth-unemployment, we decided, thanks to the ProMove Project, to understand the difficulties and obstacles that prevent a stronger implementation of long-term apprenticeships in the European Union.[\/vc_column_text][\/vc_column][\/vc_row][vc_row][vc_column][vc_single_image image=&#8220;3453&#8243; img_size=&#8220;20&#215;15&#8243; css_animation=&#8220;none&#8220; css=&#8220;.vc_custom_1574092892543{margin-bottom: 0px !important;}&#8220;][vc_toggle title=&#8220;Project Beschreibung&#8220;]Das Projekt \u201ePro Move\u201c will sowohl die Auszubildenden nach Abschluss ihrer Ausbildung als auch die aufnehmenden Betriebe darin unterst\u00fctzen, l\u00e4ngere Berufspraktika (6 Monate und l\u00e4nger) durchzuf\u00fchren. Zentral ist dabei die Entwicklung einer Webseite, auf denen Firmen und Betriebe, die Auszubildende aus anderen L\u00e4ndern aufnehmen m\u00f6chten, ihr Praktikums-Angebot beschreiben. Die Auszubildenden k\u00f6nnen sich dann auf diese Angebote bewerben. Der gr\u00f6\u00dfte Anteil der anfallenden Reise- und Aufenthaltskosten wird von der Europ\u00e4ischen Kommission getragen.[\/vc_toggle][\/vc_column][\/vc_row][vc_row][vc_column][vc_single_image image=&#8220;3450&#8243; img_size=&#8220;20&#215;15&#8243; css_animation=&#8220;none&#8220; css=&#8220;.vc_custom_1574092899865{margin-bottom: 0px !important;}&#8220;][vc_toggle title=&#8220;Project Beschrijving&#8220;]Het doel van het project &#8222;Pro Move&#8220; is om de leerlingen na hun opleiding en de ontvangende bedrijven te ondersteunen bij het uitvoeren van langere beroepsstages (6 maanden en langer). De belangrijkste focus ligt op de ontwikkeling van een website, waarop bedrijven en fabrieken die leerlingen uit andere landen willen opnemen, hun stage-aanbod beschrijven. Dan kunnen de leerlingen deze aanbiedingen aanvragen. Het grootste deel van de reis- en verblijfskosten wordt vergoed door de Europese Commissie.[\/vc_toggle][\/vc_column][\/vc_row][vc_row][vc_column][vc_single_image image=&#8220;3452&#8243; img_size=&#8220;20&#215;15&#8243; css_animation=&#8220;none&#8220; css=&#8220;.vc_custom_1574092911123{margin-bottom: 0px !important;}&#8220;][vc_toggle title=&#8220;Opis Projektu&#8220;]Projekt &#8222;Pro Move&#8220; ma na celu wspieranie praktykant\u00f3w po zako\u0144czeniu szkolenia, a tak\u017ce firm przyjmuj\u0105cych w realizacji d\u0142u\u017cszych sta\u017cy zawodowych (6 miesi\u0119cy i d\u0142u\u017cej). G\u0142\u00f3wny nacisk po\u0142o\u017cony jest na stworzenie strony internetowej, na kt\u00f3rej firmy i fabryki, kt\u00f3re chcia\u0142yby podj\u0105\u0107 praktyki u innych kraj\u00f3w, opisuj\u0105 swoj\u0105 ofert\u0119 sta\u017cu. Nast\u0119pnie uczniowie mog\u0105 ubiega\u0107 si\u0119 o te oferty. Najwi\u0119ksza cz\u0119\u015b\u0107 koszt\u00f3w podr\u00f3\u017cy i utrzymania pokryta jest przez Komisj\u0119 Europejsk\u0105.[\/vc_toggle][\/vc_column][\/vc_row][vc_row][vc_column][vc_single_image image=&#8220;3448&#8243; img_size=&#8220;20&#215;15&#8243; css_animation=&#8220;none&#8220; css=&#8220;.vc_custom_1574092917402{margin-bottom: 0px !important;}&#8220;][vc_toggle title=&#8220;Descripci\u00f3n del Proyecto&#8220;]El objetivo del proyecto &#8222;Pro Move&#8220; es apoyar a los aprendices despu\u00e9s de completar su capacitaci\u00f3n, as\u00ed como a las empresas receptoras en la realizaci\u00f3n de pasant\u00edas vocacionales m\u00e1s largas (6 meses o m\u00e1s). El enfoque principal est\u00e1 en el desarrollo de un sitio web, en el que las empresas y f\u00e1bricas, que deseen contratar aprendices de otros pa\u00edses, describan su oferta de pasant\u00edas. Entonces los aprendices pueden solicitar estas ofertas. La mayor parte de los gastos de viaje y estancia est\u00e1 cubierta por la Comisi\u00f3n Europea.[\/vc_toggle][\/vc_column][\/vc_row][vc_row][vc_column][vc_single_image image=&#8220;3447&#8243; img_size=&#8220;20&#215;15&#8243; css_animation=&#8220;none&#8220; css=&#8220;.vc_custom_1574092924614{margin-bottom: 0px !important;}&#8220;][vc_toggle title=&#8220;Opis Projekta&#8220;]Cilj projekta &#8222;Pro Move&#8220; je podpreti vajence po kon\u010danem usposabljanju in podjetjih, ki prejemajo pri opravljanju dalj\u0161e poklicne pripravni\u0161tva (6 mesecev in ve\u010d). Glavni poudarek je na razvoju spletne strani, na kateri podjetja in tovarne, ki \u017eelijo prevzeti vajence iz drugih dr\u017eav, opisujejo svojo ponudbo za sta\u017eiranje. Potem se lahko vajenci prijavijo za te ponudbe. Najve\u010dji del potnih stro\u0161kov in dnevnic pokriva Evropska komisija.[\/vc_toggle][\/vc_column][\/vc_row][vc_row][vc_column][vc_single_image image=&#8220;3445&#8243; img_size=&#8220;20&#215;15&#8243; css_animation=&#8220;none&#8220; css=&#8220;.vc_custom_1574092931802{margin-bottom: 0px !important;}&#8220;][vc_toggle title=&#8220;Descrizione del Progetto&#8220;]Lo scopo del progetto &#8222;Pro Move&#8220; \u00e8 quello di supportare gli apprendisti dopo il completatamento della loro formazione e le aziende riceventi nello svolgimento di tirocini professionali di maggiore durata (6 mesi e oltre). L&#8217;obiettivo principale \u00e8 quello di sviluppare una piattaforma online, sulla quale aziende e compagnie, che vorrebbero assumere apprendisti da altri paesi, possano offrire tramite una dettagliata descrizione dei corsi di stage. Qui gli apprendisti potranno poi fare domanda per queste offerte. La maggior parte dei costi di viaggio e soggiorno \u00e8 coperta dalla Commissione europea.[\/vc_toggle][\/vc_column][\/vc_row][vc_row][vc_column][vc_separator border_width=&#8220;2&#8243;][\/vc_column][\/vc_row]<\/p>\n","protected":false},"excerpt":{"rendered":"<p>[vc_row][vc_column][rev_slider_vc alias=&#8220;home-geb-mit-titel&#8220;][\/vc_column][\/vc_row][vc_row][vc_column][vc_column_text css_animation=&#8220;fadeIn&#8220;]ProMove &#8211; promotion of long term mobility in VET\u00a0 The ProMove Project results of a Call for proposals requested by the European Parliament to the Commission in 2015. It shall set out to test the viability of setting up \u201cA European framework for mobility of apprentices: Developing European citizenship and skills through youth integration in the labour market\u201d<\/p>\n<p><a class=\"more-link\" href=\"https:\/\/pro-move.online\/\">Weiterlesen<\/a><\/p>\n","protected":false},"author":1,"featured_media":0,"parent":0,"menu_order":0,"comment_status":"closed","ping_status":"closed","template":"","meta":[],"yoast_head":"<!-- This site is optimized with the Yoast SEO plugin v14.8 - https:\/\/yoast.com\/wordpress\/plugins\/seo\/ -->\n<title>HOME | Pro Move<\/title>\n<meta name=\"robots\" content=\"index, follow\" \/>\n<meta name=\"googlebot\" content=\"index, follow, max-snippet:-1, max-image-preview:large, max-video-preview:-1\" \/>\n<meta name=\"bingbot\" content=\"index, follow, max-snippet:-1, max-image-preview:large, max-video-preview:-1\" \/>\n<link rel=\"canonical\" href=\"https:\/\/pro-move.online\/\" \/>\n<meta property=\"og:locale\" content=\"de_DE\" \/>\n<meta property=\"og:type\" content=\"article\" \/>\n<meta property=\"og:title\" content=\"HOME | Pro Move\" \/>\n<meta property=\"og:description\" content=\"[vc_row][vc_column][rev_slider_vc alias=&#8220;home-geb-mit-titel&#8220;][\/vc_column][\/vc_row][vc_row][vc_column][vc_column_text css_animation=&#8220;fadeIn&#8220;]ProMove &#8211; promotion of long term mobility in VET\u00a0 The ProMove Project results of a Call for proposals requested by the European Parliament to the Commission in 2015. It shall set out to test the viability of setting up \u201cA European framework for mobility of apprentices: Developing European citizenship and skills through youth integration in the labour market\u201dWeiterlesen\" \/>\n<meta property=\"og:url\" content=\"https:\/\/pro-move.online\/\" \/>\n<meta property=\"og:site_name\" content=\"Pro Move\" \/>\n<meta property=\"article:modified_time\" content=\"2019-11-20T12:08:14+00:00\" \/>\n<meta name=\"twitter:card\" content=\"summary\" \/>\n<script type=\"application\/ld+json\" class=\"yoast-schema-graph\">{\"@context\":\"https:\/\/schema.org\",\"@graph\":[{\"@type\":\"WebSite\",\"@id\":\"https:\/\/pro-move.online\/#website\",\"url\":\"https:\/\/pro-move.online\/\",\"name\":\"Pro Move\",\"description\":\"Promotion of Long Term Mobility in VET\",\"potentialAction\":[{\"@type\":\"SearchAction\",\"target\":\"https:\/\/pro-move.online\/?s={search_term_string}\",\"query-input\":\"required name=search_term_string\"}],\"inLanguage\":\"de\"},{\"@type\":\"WebPage\",\"@id\":\"https:\/\/pro-move.online\/#webpage\",\"url\":\"https:\/\/pro-move.online\/\",\"name\":\"HOME | Pro Move\",\"isPartOf\":{\"@id\":\"https:\/\/pro-move.online\/#website\"},\"datePublished\":\"2017-10-07T11:58:41+00:00\",\"dateModified\":\"2019-11-20T12:08:14+00:00\",\"inLanguage\":\"de\",\"potentialAction\":[{\"@type\":\"ReadAction\",\"target\":[\"https:\/\/pro-move.online\/\"]}]}]}<\/script>\n<!-- \/ Yoast SEO plugin. -->","_links":{"self":[{"href":"https:\/\/pro-move.online\/index.php?rest_route=\/wp\/v2\/pages\/2499"}],"collection":[{"href":"https:\/\/pro-move.online\/index.php?rest_route=\/wp\/v2\/pages"}],"about":[{"href":"https:\/\/pro-move.online\/index.php?rest_route=\/wp\/v2\/types\/page"}],"author":[{"embeddable":true,"href":"https:\/\/pro-move.online\/index.php?rest_route=\/wp\/v2\/users\/1"}],"replies":[{"embeddable":true,"href":"https:\/\/pro-move.online\/index.php?rest_route=%2Fwp%2Fv2%2Fcomments&post=2499"}],"version-history":[{"count":10,"href":"https:\/\/pro-move.online\/index.php?rest_route=\/wp\/v2\/pages\/2499\/revisions"}],"predecessor-version":[{"id":4634,"href":"https:\/\/pro-move.online\/index.php?rest_route=\/wp\/v2\/pages\/2499\/revisions\/4634"}],"wp:attachment":[{"href":"https:\/\/pro-move.online\/index.php?rest_route=%2Fwp%2Fv2%2Fmedia&parent=2499"}],"curies":[{"name":"wp","href":"https:\/\/api.w.org\/{rel}","templated":true}]}}